{"id":361282,"date":"2024-03-22T18:08:20","date_gmt":"2024-03-22T21:08:20","guid":{"rendered":"https:\/\/anba.com.br\/?page_id=361282"},"modified":"2024-03-22T18:08:22","modified_gmt":"2024-03-22T21:08:22","slug":"policies","status":"publish","type":"page","link":"https:\/\/anba.com.br\/en\/policies\/","title":{"rendered":"Policies"},"content":{"rendered":"\t\t<div data-elementor-type=\"wp-page\" data-elementor-id=\"361282\" class=\"elementor elementor-361282 elementor-297043\" data-elementor-post-type=\"page\">\n\t\t\t\t\t\t<section class=\"elementor-section elementor-top-section elementor-element elementor-element-17f37da elementor-section-boxed elementor-section-height-default elementor-section-height-default\" data-id=\"17f37da\" data-element_type=\"section\" data-e-type=\"section\">\n\t\t\t\t\t\t<div class=\"elementor-container elementor-column-gap-default\">\n\t\t\t\t\t<div class=\"elementor-column elementor-col-100 elementor-top-column elementor-element elementor-element-6a821ff\" data-id=\"6a821ff\" data-element_type=\"column\" data-e-type=\"column\">\n\t\t\t<div class=\"elementor-widget-wrap elementor-element-populated\">\n\t\t\t\t\t\t<div class=\"elementor-element elementor-element-20688eb elementor-widget elementor-widget-accordion\" data-id=\"20688eb\" data-element_type=\"widget\" data-e-type=\"widget\" data-widget_type=\"accordion.default\">\n\t\t\t\t\t\t\t<div class=\"elementor-accordion\">\n\t\t\t\t\t\t\t<div class=\"elementor-accordion-item\">\n\t\t\t\t\t<div id=\"elementor-tab-title-3391\" class=\"elementor-tab-title\" data-tab=\"1\" role=\"button\" aria-controls=\"elementor-tab-content-3391\" aria-expanded=\"false\">\n\t\t\t\t\t\t\t\t\t\t\t\t\t<span class=\"elementor-accordion-icon elementor-accordion-icon-left\" aria-hidden=\"true\">\n\t\t\t\t\t\t\t\t\t\t\t\t\t\t\t<span class=\"elementor-accordion-icon-closed\"><svg class=\"e-font-icon-svg e-fas-plus\" viewBox=\"0 0 448 512\" xmlns=\"http:\/\/www.w3.org\/2000\/svg\"><path d=\"M416 208H272V64c0-17.67-14.33-32-32-32h-32c-17.67 0-32 14.33-32 32v144H32c-17.67 0-32 14.33-32 32v32c0 17.67 14.33 32 32 32h144v144c0 17.67 14.33 32 32 32h32c17.67 0 32-14.33 32-32V304h144c17.67 0 32-14.33 32-32v-32c0-17.67-14.33-32-32-32z\"><\/path><\/svg><\/span>\n\t\t\t\t\t\t\t\t<span class=\"elementor-accordion-icon-opened\"><svg class=\"e-font-icon-svg e-fas-minus\" viewBox=\"0 0 448 512\" xmlns=\"http:\/\/www.w3.org\/2000\/svg\"><path d=\"M416 208H32c-17.67 0-32 14.33-32 32v32c0 17.67 14.33 32 32 32h384c17.67 0 32-14.33 32-32v-32c0-17.67-14.33-32-32-32z\"><\/path><\/svg><\/span>\n\t\t\t\t\t\t\t\t\t\t\t\t\t\t<\/span>\n\t\t\t\t\t\t\t\t\t\t\t\t<a class=\"elementor-accordion-title\" tabindex=\"0\">Pol\u00edtica de Privacidade<\/a>\n\t\t\t\t\t<\/div>\n\t\t\t\t\t<div id=\"elementor-tab-content-3391\" class=\"elementor-tab-content elementor-clearfix\" data-tab=\"1\" role=\"region\" aria-labelledby=\"elementor-tab-title-3391\"><h4>Pol\u00edtica de Privacidade<\/h4><p>N\u00f3s da C\u00e2mara de Com\u00e9rcio \u00c1rabe Brasileira &#8211; CCAB acreditamos que a privacidade do indiv\u00edduo \u00e9 um direito humano fundamental. Por isso, apresentamos nossa Pol\u00edtica de Privacidade ao nosso usu\u00e1rio, para que tenha conhecimento das regras relacionadas \u00e0 forma como coletamos, registramos, armazenamos, utilizamos, compartilhamos e exclu\u00edmos seus dados pessoais, de acordo com as leis vigentes no Brasil, bem como as melhores pr\u00e1ticas de Governan\u00e7a de Dados.<\/p><p>Como condi\u00e7\u00e3o para com o prop\u00f3sito de conectar brasileiros e \u00e1rabes para promover o desenvolvimento econ\u00f4mico, social e cultural, o USU\u00c1RIO declara seu livre e expresso consentimento que est\u00e1 plenamente ciente e de acordo com os termos da presente Pol\u00edtica de Privacidade.<\/p><p>1. COLETA DE DADOS E REGISTRO DE ATIVIDADES<\/p><p>1.1. Coleta de dados para controle interno de audi\u00eancia e de navega\u00e7\u00e3o e jamais para controlar, identificar ou rastrear prefer\u00eancias do internauta. S\u00e3o coletados ao navegar no site IP e Linguagem para exibi\u00e7\u00e3o correta dos menus e atrav\u00e9s de formul\u00e1rios como: nome, email, telefone, g\u00eanero, site.<\/p><p>1.2. As informa\u00e7\u00f5es que coletamos atrav\u00e9s do site incluem: IP e Linguagem do Usu\u00e1rio e atrav\u00e9s dos formul\u00e1rios nome, email, telefone, g\u00eanero, site.<\/p><p>1.3. Cabe ao USU\u00c1RIO o dever de prestar informa\u00e7\u00f5es corretas e atualizadas. N\u00e3o somos respons\u00e1veis pela precis\u00e3o, veracidade ou falta dela nas informa\u00e7\u00f5es prestadas pelo pr\u00f3prio USU\u00c1RIO.<\/p><p>1.4. Nossa interface digital poder\u00e1 registrar todas as atividades efetuadas por voc\u00ea, nosso USU\u00c1RIO, por meio de logs. Utilizamos a ferramentas que coleta as informa\u00e7\u00f5es do USU\u00c1RIO como o endere\u00e7o de IP, navegador utilizado, configura\u00e7\u00f5es de idioma, p\u00e1ginas acessadas, por meio de cookies. As informa\u00e7\u00f5es s\u00e3o coletadas de forma an\u00f4nima e para efeitos anal\u00edticos.<\/p><p>1.5. Itens coletados atrav\u00e9s dos cookies:<\/p><p>\u2022 informa\u00e7\u00f5es sobre tipo de navegador e vers\u00e3o<\/p><p>\u2022 sistema operacional do usu\u00e1rio<\/p><p>\u2022 endere\u00e7o IP do usu\u00e1rio<\/p><p>\u2022 data e hora do acesso<\/p><p>\u2022 hiperlinks dos quais o usu\u00e1rio utilizou para chegar em nossa p\u00e1gina<\/p><p>1.6. Sempre que o USU\u00c1RIO visitar ou interagir com os sites, a C\u00c2MARA DE COM\u00c9RCIO \u00c1RABE BRASILEIRA \u2013 CCAB pode usar uma variedade de tecnologias que coletam, autom\u00e1tica ou passivamente, as informa\u00e7\u00f5es sobre a forma como os sites s\u00e3o acessados.<\/p><p>1.7. Todas as tecnologias referidas e utilizadas no nosso ambiente digital de relacionamento respeitar\u00e3o a legisla\u00e7\u00e3o vigente e os termos desta pol\u00edtica.<\/p><p>1.8. Ao navegar na nossa interface, o USU\u00c1RIO poder\u00e1 ser conduzido via link, conte\u00fado ou servi\u00e7os, a outros portais ou plataformas que poder\u00e3o coletar suas informa\u00e7\u00f5es e ter sua pr\u00f3pria Pol\u00edtica de Privacidade. Portanto, caber\u00e1 ao USU\u00c1RIO manter-se atualizado destas pol\u00edticas, cabendo a ele aceit\u00e1-las ou recus\u00e1-las. N\u00e3o somos respons\u00e1veis pela Pol\u00edtica de Privacidade nem pelo conte\u00fado de quaisquer websites, conte\u00fado ou servi\u00e7os ligados ao portal, inclusive por meio de links.<\/p><p>2. USO DOS DADOS<\/p><p>2.1. Podemos utilizar seus dados que foram coletados e os registros das suas atividades em nossas interfaces digitais atuais ou que venhamos a desenvolver no futuro para melhorar a sua experi\u00eancia conosco, para as seguintes finalidades:<\/p><p>\u2022 Para fins de relacionamento e melhorias do nosso servi\u00e7o;<\/p><p>\u2022 Para fins legais e de cumprimento de norma legal,<\/p><p>\u2022 Aperfei\u00e7oar seu uso e sua experi\u00eancia em nosso ambiente digital,<\/p><p>\u2022 seguran\u00e7a do usu\u00e1rio e do ambiente.<\/p><p>2.2. Voc\u00ea est\u00e1 ciente e consente de forma livre com a coleta dos seus dados pessoais atrav\u00e9s da nossa plataforma digital.<\/p><p>2.3. Caso voc\u00ea n\u00e3o possa ou n\u00e3o queira fornecer o seu consentimento, alguns servi\u00e7os poder\u00e3o n\u00e3o ser disponibilizados, ou disponibilizados de forma restrita.<\/p><p>2.4. O USU\u00c1RIO poder\u00e1 realizar o gerenciamento de permiss\u00f5es no tocante \u00e0 utiliza\u00e7\u00e3o de seus dados por meio do canal de atendimento a seguir, podendo conceder nova permiss\u00f5es ou retirar seu consentimento para as permiss\u00f5es atuais, sendo avisado das consequ\u00eancias da retirada do consentimento.<\/p><p>Canal com Encarregado de Dados: DPO@ccab.org.br<\/p><p>telefone: 3145-3200<\/p><p>2.5. Os dados coletados e as atividades registradas poder\u00e3o ser compartilhados com:<\/p><p>a) Autoridades judiciais, administrativas ou governamentais competentes, sempre que houver requerimento, requisi\u00e7\u00e3o ou ordem judicial;<\/p><p>2.6. Os dados de nossos USU\u00c1RIOS s\u00e3o acessados internamente apenas por profissionais devidamente autorizados, respeitando o princ\u00edpio da proporcionalidade, necessidade e adequa\u00e7\u00e3o aos objetivos para os quais foram coletados, al\u00e9m do compromisso de confidencialidade e preserva\u00e7\u00e3o de privacidade nos termos desta Pol\u00edtica de Privacidade.<\/p><p>3. PUBLICIDADE<\/p><p>3.1. A C\u00c2MARA DE COM\u00c9RCIO \u00c1RABE BRASILEIRA \u2013 CCAB licencia tecnologia para veicular an\u00fancios em outros sites e no seu conte\u00fado, conforme esse conte\u00fado \u00e9 veiculado pela internet. A C\u00e2mara de Com\u00e9rcio \u00c1rabe Brasileira \u2013 CCAB poder\u00e1 utilizar anunciantes de rede de terceiros para veicular an\u00fancios e fornecedores de an\u00e1lise de terceiros, com o objetivo de avaliar e fornecer informa\u00e7\u00f5es sobre o uso dos sites e a visualiza\u00e7\u00e3o do nosso conte\u00fado. N\u00e3o compartilhamos dados pessoais com terceiros, mas os fornecedores de an\u00fancios na rede, os anunciantes, os patrocinadores e\/ou prestadores de servi\u00e7os de an\u00e1lise podem definir e acessar seus pr\u00f3prios cookies, pixel tags e tecnologias semelhantes em seu dispositivo e podem, de alguma forma, coletar ou acessar seus dados.<\/p><p>4. ARMAZENAMENTO DOS DADOS E REGISTROS<\/p><p>4.1. Os dados e os registros de atividades coletados estar\u00e3o armazenados em ambiente seguro e controlado, pelo prazo m\u00ednimo de 6 (seis) meses, nos termos do Marco Civil da Internet, observada a t\u00e9cnica dispon\u00edvel \u00e0 \u00e9poca.<\/p><p>4.2. Os dados poder\u00e3o ser exclu\u00eddos antes desse prazo, caso haja solicita\u00e7\u00e3o do USU\u00c1RIO, desde que n\u00e3o se adequem \u00e0 exce\u00e7\u00f5es legais para que sejam mantidos os registros.<\/p><p>4.3. O USU\u00c1RIO est\u00e1 ciente de que os dados coletados (sejam pessoais ou n\u00e3o) poder\u00e3o ser armazenados em servidores localizados no Brasil, bem como em ambiente de uso de recursos ou servidores na nuvem (cloud computing), o que enseja, neste \u00faltimo caso, a transfer\u00eancia ou processamento de dados fora do Brasil, em pa\u00edses terceiros.<\/p><p>5. EXIBI\u00c7\u00c3O, RETIFICA\u00c7\u00c3O, LIMITA\u00c7\u00c3O, OPOSI\u00c7\u00c3O E EXCLUS\u00c3O DE DADOS (DIREITOS DO USU\u00c1RIO)<\/p><p>5.1. Voc\u00ea \u00e9 o titular dos seus dados pessoais e, portanto, tem o direito de estar empoderado do controle sobre o que ocorre com eles. Por isso, disponibilizamos a voc\u00ea recursos para que saiba o que est\u00e1 sendo feito com seus dados pessoais, atrav\u00e9s dos nossos canais de atendimento.<\/p><p>5.2. Podemos, para fins de auditoria, seguran\u00e7a, controle de fraudes e preserva\u00e7\u00e3o de direitos, permanecer com o hist\u00f3rico de registro dos seus dados por prazo maior, nas hip\u00f3teses definidas em lei ou em normas regulat\u00f3rias.<\/p><p>5.3. Se o USU\u00c1RIO desejar acessar, corrigir, atualizar ou solicitar a exclus\u00e3o dos seus dados pessoais, poder\u00e1 faz\u00ea-lo a qualquer tempo, entrando em contato conosco, atrav\u00e9s do canal de comunica\u00e7\u00e3o mencionado anteriormente.<\/p><p>5.4. O USU\u00c1RIO poder\u00e1 opor-se ao processamento de seus dados pessoais, solicitar a restri\u00e7\u00e3o de processamento, ou requerer a portabilidade dos seus dados pessoais, entrando em contato atrav\u00e9s dos canais j\u00e1 mencionados.<\/p><p>5.5. O USU\u00c1RIO poder\u00e1 cancelar os comunicados de marketing que enviamos, a qualquer tempo, clicando em \u201ccancelar assinatura\u201d .<\/p><p>5.6. Da mesma forma, o USU\u00c1RIO poder\u00e1 retirar seu consentimento para o tratamento de dados, a qualquer momento. Retirar o consentimento n\u00e3o afetar\u00e1 a legitimidade do processamento realizado anteriormente \u00e0 retirada, nem afetar\u00e1 o processamento dos dados pessoais executados com base em processos leg\u00edtimos, que dispensam o consentimento.<\/p><p>6. BASES LEGAIS PARA O PROCESSAMENTO DE DADOS<\/p><p>6.1. Nossa base legal de para coleta e processamento de dados pessoais est\u00e1 amparada na legisla\u00e7\u00e3o vigente no pa\u00eds \u2013 Lei 13.709\/2018 (LGPD) e inclui:<\/p><p>(i) Com seu consentimento para faz\u00ea-lo (art. 7\u00ba, inciso I, da Lei 13.709\/2018);<\/p><p>(ii) Para cumprimento de alguma obriga\u00e7\u00e3o legal ou regulat\u00f3ria (art. 7\u00ba, inciso II, Lei 13.709\/2018);<\/p><p>(iii) Quando precisamos dos seus dados pessoais para celebrar ou executar um contrato com o USU\u00c1RIO (art. 7\u00ba, inciso V, Lei 13.709\/2018);<\/p><p>(iv) Quando o processamento est\u00e1 de acordo com nossos interesses leg\u00edtimos e n\u00e3o menosprezarem seus interesses relacionados \u00e0 prote\u00e7\u00e3o de dados ou liberdades e garantias fundamentais (art. 7\u00ba, inciso IX, Lei 13.709\/2018).<\/p><p>7. DISPOSI\u00c7\u00d5ES GERAIS<\/p><p>7.1. Podemos alterar o teor da pol\u00edtica de privacidade a qualquer momento, conforme finalidade ou necessidade, tal qual para a adequa\u00e7\u00e3o e conformidade com disposi\u00e7\u00e3o legal ou regulat\u00f3ria, cabendo ao USU\u00c1RIO verific\u00e1-la periodicamente. Avisaremos voc\u00ea, quando ocorrerem atualiza\u00e7\u00f5es significativas que demandem nova coleta de consentimento, atrav\u00e9s dos meios de contato fornecidos. Por isso, \u00e9 importante que mantenha seu cadastro sempre atualizado.<\/p><p>7.2. Caso haja d\u00favidas sobre as condi\u00e7\u00f5es estabelecidas nesta Pol\u00edtica de Privacidade, favor entrar em contato atrav\u00e9s canais de atendimentos j\u00e1 mencionados.<\/p><p>7.3. Caso alguma disposi\u00e7\u00e3o desta Pol\u00edtica de Privacidade seja considerada ilegal ou ileg\u00edtima, por autoridade da localidade em quer voc\u00ea reside ou da sua conex\u00e3o \u00e0 internet, as demais condi\u00e7\u00f5es permanecer\u00e3o v\u00e1lidas.<\/p><p>7.4. Voc\u00ea reconhece que toda a comunica\u00e7\u00e3o realizada por e-mail, SMS, aplicativos de comunica\u00e7\u00e3o instant\u00e2nea ou qualquer outra forma digital ou virtual s\u00e3o v\u00e1lidas como provas documentais, sendo eficazes e suficientes para a divulga\u00e7\u00e3o de qualquer assunto que se refira a este relacionamento, ressalvadas as disposi\u00e7\u00f5es diversas previstas nesta Pol\u00edtica de Privacidade.<\/p><p>7.5. A presente Pol\u00edtica de Privacidade ser\u00e1 regida e interpretada segundo a legisla\u00e7\u00e3o brasileira, no idioma portugu\u00eas, sendo eleito o Foro da Comarca de S\u00e3o Paulo\/SP, nas rela\u00e7\u00f5es mantidas com os USU\u00c1RIOS, para dirimir controv\u00e9rsias, salvo compet\u00eancia territorial, pessoal ou funcional, conforme legisla\u00e7\u00f5es espec\u00edficas.<\/p><p>Data da \u00faltima atualiza\u00e7\u00e3o: 25\/09\/2020<\/p><\/div>\n\t\t\t\t<\/div>\n\t\t\t\t\t\t\t<div class=\"elementor-accordion-item\">\n\t\t\t\t\t<div id=\"elementor-tab-title-3392\" class=\"elementor-tab-title\" data-tab=\"2\" role=\"button\" aria-controls=\"elementor-tab-content-3392\" aria-expanded=\"false\">\n\t\t\t\t\t\t\t\t\t\t\t\t\t<span class=\"elementor-accordion-icon elementor-accordion-icon-left\" aria-hidden=\"true\">\n\t\t\t\t\t\t\t\t\t\t\t\t\t\t\t<span class=\"elementor-accordion-icon-closed\"><svg class=\"e-font-icon-svg e-fas-plus\" viewBox=\"0 0 448 512\" xmlns=\"http:\/\/www.w3.org\/2000\/svg\"><path d=\"M416 208H272V64c0-17.67-14.33-32-32-32h-32c-17.67 0-32 14.33-32 32v144H32c-17.67 0-32 14.33-32 32v32c0 17.67 14.33 32 32 32h144v144c0 17.67 14.33 32 32 32h32c17.67 0 32-14.33 32-32V304h144c17.67 0 32-14.33 32-32v-32c0-17.67-14.33-32-32-32z\"><\/path><\/svg><\/span>\n\t\t\t\t\t\t\t\t<span class=\"elementor-accordion-icon-opened\"><svg class=\"e-font-icon-svg e-fas-minus\" viewBox=\"0 0 448 512\" xmlns=\"http:\/\/www.w3.org\/2000\/svg\"><path d=\"M416 208H32c-17.67 0-32 14.33-32 32v32c0 17.67 14.33 32 32 32h384c17.67 0 32-14.33 32-32v-32c0-17.67-14.33-32-32-32z\"><\/path><\/svg><\/span>\n\t\t\t\t\t\t\t\t\t\t\t\t\t\t<\/span>\n\t\t\t\t\t\t\t\t\t\t\t\t<a class=\"elementor-accordion-title\" tabindex=\"0\">Pol\u00edtica de Cookies<\/a>\n\t\t\t\t\t<\/div>\n\t\t\t\t\t<div id=\"elementor-tab-content-3392\" class=\"elementor-tab-content elementor-clearfix\" data-tab=\"2\" role=\"region\" aria-labelledby=\"elementor-tab-title-3392\"><h4><span style=\"color: #000000;\">Pol\u00edtica de Cookies<\/span><\/h4><div><p><span style=\"color: #000000;\">N\u00f3s da C\u00e2mara de Comercio \u00c1rabe Brasileira acreditamos que a privacidade do indiv\u00edduo \u00e9 um direito humano fundamental. Por isso, apresentamos nossa Pol\u00edtica de Cookies ao nosso usu\u00e1rio, para que tenha conhecimento das regras relacionadas \u00e0 forma como coletamos e processamos seus dados pessoais, de acordo com as leis vigentes no Brasil, bem como as melhores pr\u00e1ticas de Governan\u00e7a de Dados.<\/span><\/p><p><span style=\"color: #000000;\">COOKIES<\/span><\/p><p><span style=\"color: #000000;\">Um cookie \u00e9 uma tecnologia que permite ao nosso site armazenar tokens de informa\u00e7\u00e3o no seu navegador, usados apenas pelo nosso site. Os cookies n\u00e3o s\u00e3o usados para determinar a identidade pessoal de quem est\u00e1 visitando nosso site.<\/span><\/p><p><span style=\"color: #000000;\">Em determinadas p\u00e1ginas do nosso site, os cookies s\u00e3o usados para nos ajudar a rastrear seus interesses enquanto voc\u00ea navega na Internet, para que possamos personalizar e entender o que \u00e9 importante para voc\u00ea.<\/span><\/p><p><span style=\"color: #000000;\">COMO UTILIZAMOS OS COOKIES<\/span><\/p><p><span style=\"color: #000000;\">Cookies s\u00e3o arquivos ou informa\u00e7\u00f5es que podem ser armazenadas em seus dispositivos, quando voc\u00ea visita as P\u00e1ginas da C\u00e2mara de Comercio \u00c1rabe Brasileira. Geralmente, um cookie cont\u00e9m o nome do site que o originou, seu tempo de vida e um valor, que \u00e9 gerado aleatoriamente.<\/span><\/p><p><span style=\"color: #000000;\">A C\u00e2mara de Comercio \u00c1rabe Brasileira utiliza cookies para facilitar o uso e melhor adaptar as P\u00e1ginas aos seus interesses e necessidades, bem como para compilarmos informa\u00e7\u00f5es sobre a utiliza\u00e7\u00e3o de nossos sites e servi\u00e7os, auxiliando a melhorar suas estruturas e seus conte\u00fados. Os cookies tamb\u00e9m podem ser utilizados para acelerar suas atividades e experi\u00eancias futuras nas P\u00e1ginas.<\/span><\/p><p><span style=\"color: #000000;\">COOKIES ESSENCIAIS\/ESTRIMAMENTE NECESS\u00c1RIOS<\/span><\/p><p><span style=\"color: #000000;\">Alguns cookies que usamos s\u00e3o essenciais para o funcionamento do nosso site, eles geralmente s\u00e3o definidos apenas em resposta a a\u00e7\u00f5es feitas pelo USU\u00c1RIO, o que equivale a uma solicita\u00e7\u00e3o de servi\u00e7os, como definir suas prefer\u00eancias de privacidade, efetuar login ou preencher formul\u00e1rios. Voc\u00ea pode configurar seu navegador para bloque\u00e1-los ou alert\u00e1-lo sobre esses cookies.<\/span><\/p><p><span style=\"color: #000000;\">COOKIES FUNCIONAIS<\/span><\/p><p><span style=\"color: #000000;\">Alguns cookies nos ajudam a lembrar as configura\u00e7\u00f5es que o USU\u00c1RIO pode ter selecionado, ou ajudam com outras funcionalidades quando voc\u00ea navega e usa o nosso site (portal\/app). Isso nos ajuda a lembrar o que voc\u00ea selecionou, ent\u00e3o, quando voc\u00ea retorna, nos lembramos de suas prefer\u00eancias.<\/span><\/p><p><span style=\"color: #000000;\">Ap\u00f3s o Usu\u00e1rio consentir para a utiliza\u00e7\u00e3o de cookies, quando do uso das P\u00e1ginas da C\u00e2mara de Comercio \u00c1rabe Brasileira, a C\u00e2mara de Comercio \u00c1rabe Brasileira armazenar\u00e1 um cookie em seu dispositivo para lembrar disso na pr\u00f3xima sess\u00e3o.<\/span><\/p><p><span style=\"color: #000000;\">A qualquer momento, o Usu\u00e1rio poder\u00e1 revogar seu consentimento quanto aos cookies, pelo que dever\u00e1 apagar os cookies das P\u00e1ginas da C\u00e2mara de Comercio \u00c1rabe Brasileira utilizando as configura\u00e7\u00f5es de seu navegador de prefer\u00eancia. Para mais informa\u00e7\u00f5es sobre como proceder em rela\u00e7\u00e3o \u00e0 gest\u00e3o dos cookies nos navegadores:<\/span><\/p><p><span style=\"color: #000000;\">\u2022 Internet Explorer: https:\/\/support.microsoft.com\/pt-br\/help\/17442\/windows-internetexplorer-delete-manage-cookies<\/span><\/p><p><span style=\"color: #000000;\">\u2022 Mozilla Firefox: https:\/\/support.mozilla.org\/pt-BR\/kb\/limpe-cookies-e-dados-de-sites-no-firefox<\/span><\/p><p><span style=\"color: #000000;\">\u2022 Google Chrome: https:\/\/support.google.com\/accounts\/answer\/61416?co=GENIE.Platform%3DDesktop&amp; hl=pt-BR<\/span><\/p><p><span style=\"color: #000000;\">\u2022 Safari: https:\/\/support.apple.com\/pt-br\/guide\/safari\/sfri11471\/mac<\/span><\/p><p><span style=\"color: #000000;\">Lembramos que, caso o Usu\u00e1rio n\u00e3o aceite alguns cookies das P\u00e1ginas da C\u00e2mara de Comercio \u00c1rabe Brasileira, certos servi\u00e7os poder\u00e3o n\u00e3o funcionar de maneira ideal.<\/span><\/p><p><span style=\"color: #000000;\">ALTERA\u00c7\u00d5ES A ESTA POL\u00cdTICA DE COOKIES<\/span><\/p><p><span style=\"color: #000000;\">A C\u00e2mara de Comercio \u00c1rabe Brasileira pode alterar esta declara\u00e7\u00e3o de pol\u00edtica de cookies conforme necess\u00e1rio. Se forem feitas altera\u00e7\u00f5es na pol\u00edtica, observe que pode levar at\u00e9 30 dias \u00fateis para que novas pr\u00e1ticas de privacidade sejam implementadas. Verifique esta p\u00e1gina periodicamente se voc\u00ea quiser monitorar as altera\u00e7\u00f5es.<\/span><\/p><p><span style=\"color: #000000;\">Se forem realizadas altera\u00e7\u00f5es significativas, notificaremos voc\u00ea.<\/span><\/p><p><span style=\"color: #000000;\">ENTRE EM CONTATO<\/span><\/p><p><span style=\"color: #000000;\">Se voc\u00ea tiver d\u00favidas ou n\u00e3o achar que suas preocupa\u00e7\u00f5es foram tratadas nesta Pol\u00edtica de cookies, entre em contato enviando um e-mail para o seguinte endere\u00e7o de e-mail: : DPO@ccab.org.br<\/span><\/p><p><span style=\"color: #000000;\">26\/10\/2020<\/span><\/p><\/div><\/div>\n\t\t\t\t<\/div>\n\t\t\t\t\t\t\t\t<\/div>\n\t\t\t\t\t\t<\/div>\n\t\t\t\t\t<\/div>\n\t\t<\/div>\n\t\t\t\t\t<\/div>\n\t\t<\/section>\n\t\t\t\t<\/div>\n\t\t","protected":false},"excerpt":{"rendered":"<p>We at the Arab Brazilian Chamber of Commerce believe that privacy is a fundamental human right. That is why we make our Privacy Policy available to our users, so they can be aware of the rules related to how we collect, record, store up, utilize, share, and delete your personal information, in accordance with Brazilian<\/p>\n","protected":false},"author":1,"featured_media":0,"parent":0,"menu_order":0,"comment_status":"closed","ping_status":"closed","template":"","meta":{"_monsterinsights_skip_tracking":false,"_monsterinsights_sitenote_active":false,"_monsterinsights_sitenote_note":"","_monsterinsights_sitenote_category":0,"footnotes":""},"class_list":["post-361282","page","type-page","status-publish"],"wps_subtitle":"","_links":{"self":[{"href":"https:\/\/anba.com.br\/en\/wp-json\/wp\/v2\/pages\/361282","targetHints":{"allow":["GET"]}}],"collection":[{"href":"https:\/\/anba.com.br\/en\/wp-json\/wp\/v2\/pages"}],"about":[{"href":"https:\/\/anba.com.br\/en\/wp-json\/wp\/v2\/types\/page"}],"author":[{"embeddable":true,"href":"https:\/\/anba.com.br\/en\/wp-json\/wp\/v2\/users\/1"}],"replies":[{"embeddable":true,"href":"https:\/\/anba.com.br\/en\/wp-json\/wp\/v2\/comments?post=361282"}],"version-history":[{"count":0,"href":"https:\/\/anba.com.br\/en\/wp-json\/wp\/v2\/pages\/361282\/revisions"}],"wp:attachment":[{"href":"https:\/\/anba.com.br\/en\/wp-json\/wp\/v2\/media?parent=361282"}],"curies":[{"name":"wp","href":"https:\/\/api.w.org\/{rel}","templated":true}]}}